{"id":766,"date":"2018-07-18T15:04:01","date_gmt":"2018-07-18T15:04:01","guid":{"rendered":"http:\/\/opticasantalucia.cl\/sitio\/?page_id=766"},"modified":"2020-02-03T20:48:11","modified_gmt":"2020-02-03T20:48:11","slug":"lupas","status":"publish","type":"page","link":"https:\/\/opticasantalucia.cl\/sitio\/lupas\/","title":{"rendered":"Lupas"},"content":{"rendered":"<p>[et_pb_section fb_built=\u00bb1&#8243; inner_shadow=\u00bbon\u00bb fullwidth=\u00bbon\u00bb _builder_version=\u00bb3.22&#8243; background_color=\u00bb#2ea3f2&#8243; use_background_color_gradient=\u00bbon\u00bb background_color_gradient_start=\u00bb#2ea3f2&#8243; background_color_gradient_end=\u00bb#2e6df4&#8243; background_color_gradient_direction=\u00bb330deg\u00bb][et_pb_fullwidth_header title=\u00bbVariedad de lupas\u00bb subhead=\u00bbEncuentra el modelo que necesites.\u00bb _builder_version=\u00bb3.16&#8243; background_color=\u00bbrgba(255, 255, 255, 0)\u00bb background_size=\u00bbinitial\u00bb background_position=\u00bbtop_left\u00bb background_repeat=\u00bbrepeat\u00bb button_one_text_size__hover_enabled=\u00bboff\u00bb button_two_text_size__hover_enabled=\u00bboff\u00bb button_one_text_color__hover_enabled=\u00bboff\u00bb button_two_text_color__hover_enabled=\u00bboff\u00bb button_one_border_width__hover_enabled=\u00bboff\u00bb button_two_border_width__hover_enabled=\u00bboff\u00bb button_one_border_color__hover_enabled=\u00bboff\u00bb button_two_border_color__hover_enabled=\u00bboff\u00bb button_one_border_radius__hover_enabled=\u00bboff\u00bb button_two_border_radius__hover_enabled=\u00bboff\u00bb button_one_letter_spacing__hover_enabled=\u00bboff\u00bb button_two_letter_spacing__hover_enabled=\u00bboff\u00bb button_one_bg_color__hover_enabled=\u00bboff\u00bb button_two_bg_color__hover_enabled=\u00bboff\u00bb][\/et_pb_fullwidth_header][\/et_pb_section][et_pb_section fb_built=\u00bb1&#8243; specialty=\u00bbon\u00bb _builder_version=\u00bb3.22&#8243;][et_pb_column type=\u00bb3_4&#8243; specialty_columns=\u00bb3&#8243; _builder_version=\u00bb3.25&#8243; custom_padding=\u00bb|||\u00bb custom_padding__hover=\u00bb|||\u00bb][et_pb_row_inner _builder_version=\u00bb3.25&#8243;][et_pb_column_inner saved_specialty_column_type=\u00bb3_4&#8243; _builder_version=\u00bb3.25&#8243; custom_padding=\u00bb|||\u00bb custom_padding__hover=\u00bb|||\u00bb][et_pb_text _builder_version=\u00bb3.27.4&#8243;]<\/p>\n<h2 style=\"text-align: center;\">Cat\u00e1logo de Productos<\/h2>\n<p>[\/et_pb_text][et_pb_button button_url=\u00bbhttps:\/\/opticasantalucia.cl\/sitio\/cintillo\/\u00bb button_text=\u00bbCINTILLO\u00bb button_alignment=\u00bbcenter\u00bb _builder_version=\u00bb3.16&#8243; custom_button=\u00bbon\u00bb button_text_color=\u00bb#ffffff\u00bb button_bg_color=\u00bb#0c71c3&#8243; custom_css_main_element=\u00bbwidth:90%;\u00bb button_bg_color_hover=\u00bb#2fa940&#8243; button_text_size__hover_enabled=\u00bboff\u00bb button_one_text_size__hover_enabled=\u00bboff\u00bb button_two_text_size__hover_enabled=\u00bboff\u00bb button_text_color__hover_enabled=\u00bboff\u00bb button_one_text_color__hover_enabled=\u00bboff\u00bb button_two_text_color__hover_enabled=\u00bboff\u00bb button_border_width__hover_enabled=\u00bboff\u00bb button_one_border_width__hover_enabled=\u00bboff\u00bb button_two_border_width__hover_enabled=\u00bboff\u00bb button_border_color__hover_enabled=\u00bboff\u00bb button_one_border_color__hover_enabled=\u00bboff\u00bb button_two_border_color__hover_enabled=\u00bboff\u00bb button_border_radius__hover_enabled=\u00bboff\u00bb button_one_border_radius__hover_enabled=\u00bboff\u00bb button_two_border_radius__hover_enabled=\u00bboff\u00bb button_letter_spacing__hover_enabled=\u00bboff\u00bb button_one_letter_spacing__hover_enabled=\u00bboff\u00bb button_two_letter_spacing__hover_enabled=\u00bboff\u00bb button_bg_color__hover_enabled=\u00bbon\u00bb button_bg_color__hover=\u00bb#2fa940&#8243; button_one_bg_color__hover_enabled=\u00bboff\u00bb button_two_bg_color__hover_enabled=\u00bboff\u00bb][\/et_pb_button][et_pb_button button_url=\u00bbhttps:\/\/opticasantalucia.cl\/sitio\/con-luz\/\u00bb button_text=\u00bbCON LUZ\u00bb button_alignment=\u00bbcenter\u00bb _builder_version=\u00bb3.16&#8243; custom_button=\u00bbon\u00bb button_text_color=\u00bb#ffffff\u00bb button_bg_color=\u00bb#0c71c3&#8243; background_layout=\u00bbdark\u00bb custom_css_main_element=\u00bbwidth:90%;\u00bb button_bg_color_hover=\u00bb#2fa93f\u00bb button_text_size__hover_enabled=\u00bboff\u00bb button_one_text_size__hover_enabled=\u00bboff\u00bb button_two_text_size__hover_enabled=\u00bboff\u00bb button_text_color__hover_enabled=\u00bboff\u00bb button_one_text_color__hover_enabled=\u00bboff\u00bb button_two_text_color__hover_enabled=\u00bboff\u00bb button_border_width__hover_enabled=\u00bboff\u00bb button_one_border_width__hover_enabled=\u00bboff\u00bb button_two_border_width__hover_enabled=\u00bboff\u00bb button_border_color__hover_enabled=\u00bboff\u00bb button_one_border_color__hover_enabled=\u00bboff\u00bb button_two_border_color__hover_enabled=\u00bboff\u00bb button_border_radius__hover_enabled=\u00bboff\u00bb button_one_border_radius__hover_enabled=\u00bboff\u00bb button_two_border_radius__hover_enabled=\u00bboff\u00bb button_letter_spacing__hover_enabled=\u00bboff\u00bb button_one_letter_spacing__hover_enabled=\u00bboff\u00bb button_two_letter_spacing__hover_enabled=\u00bboff\u00bb button_bg_color__hover_enabled=\u00bbon\u00bb button_bg_color__hover=\u00bb#2fa93f\u00bb button_one_bg_color__hover_enabled=\u00bboff\u00bb button_two_bg_color__hover_enabled=\u00bboff\u00bb][\/et_pb_button][et_pb_button button_url=\u00bbhttps:\/\/opticasantalucia.cl\/sitio\/escritorio\/\u00bb button_text=\u00bbESCRITORIO\u00bb button_alignment=\u00bbcenter\u00bb _builder_version=\u00bb3.16&#8243; custom_button=\u00bbon\u00bb button_bg_color=\u00bb#0c71c3&#8243; background_layout=\u00bbdark\u00bb custom_css_main_element=\u00bbwidth:90%;\u00bb button_bg_color_hover=\u00bb#2fa940&#8243; button_text_size__hover_enabled=\u00bboff\u00bb button_one_text_size__hover_enabled=\u00bboff\u00bb button_two_text_size__hover_enabled=\u00bboff\u00bb button_text_color__hover_enabled=\u00bboff\u00bb button_one_text_color__hover_enabled=\u00bboff\u00bb button_two_text_color__hover_enabled=\u00bboff\u00bb button_border_width__hover_enabled=\u00bboff\u00bb button_one_border_width__hover_enabled=\u00bboff\u00bb button_two_border_width__hover_enabled=\u00bboff\u00bb button_border_color__hover_enabled=\u00bboff\u00bb button_one_border_color__hover_enabled=\u00bboff\u00bb button_two_border_color__hover_enabled=\u00bboff\u00bb button_border_radius__hover_enabled=\u00bboff\u00bb button_one_border_radius__hover_enabled=\u00bboff\u00bb button_two_border_radius__hover_enabled=\u00bboff\u00bb button_letter_spacing__hover_enabled=\u00bboff\u00bb button_one_letter_spacing__hover_enabled=\u00bboff\u00bb button_two_letter_spacing__hover_enabled=\u00bboff\u00bb button_bg_color__hover_enabled=\u00bbon\u00bb button_bg_color__hover=\u00bb#2fa940&#8243; button_one_bg_color__hover_enabled=\u00bboff\u00bb button_two_bg_color__hover_enabled=\u00bboff\u00bb][\/et_pb_button][et_pb_button button_url=\u00bbhttps:\/\/opticasantalucia.cl\/sitio\/clasicas\/\u00bb button_text=\u00bbCLASICAS\u00bb button_alignment=\u00bbcenter\u00bb _builder_version=\u00bb3.16&#8243; custom_button=\u00bbon\u00bb button_bg_color=\u00bb#0c71c3&#8243; background_layout=\u00bbdark\u00bb custom_css_main_element=\u00bbwidth:90%;\u00bb button_bg_color_hover=\u00bb#2fa940&#8243; button_text_size__hover_enabled=\u00bboff\u00bb button_one_text_size__hover_enabled=\u00bboff\u00bb button_two_text_size__hover_enabled=\u00bboff\u00bb button_text_color__hover_enabled=\u00bboff\u00bb button_one_text_color__hover_enabled=\u00bboff\u00bb button_two_text_color__hover_enabled=\u00bboff\u00bb button_border_width__hover_enabled=\u00bboff\u00bb button_one_border_width__hover_enabled=\u00bboff\u00bb button_two_border_width__hover_enabled=\u00bboff\u00bb button_border_color__hover_enabled=\u00bboff\u00bb button_one_border_color__hover_enabled=\u00bboff\u00bb button_two_border_color__hover_enabled=\u00bboff\u00bb button_border_radius__hover_enabled=\u00bboff\u00bb button_one_border_radius__hover_enabled=\u00bboff\u00bb button_two_border_radius__hover_enabled=\u00bboff\u00bb button_letter_spacing__hover_enabled=\u00bboff\u00bb button_one_letter_spacing__hover_enabled=\u00bboff\u00bb button_two_letter_spacing__hover_enabled=\u00bboff\u00bb button_bg_color__hover_enabled=\u00bbon\u00bb button_bg_color__hover=\u00bb#2fa940&#8243; button_one_bg_color__hover_enabled=\u00bboff\u00bb button_two_bg_color__hover_enabled=\u00bboff\u00bb][\/et_pb_button][et_pb_button button_url=\u00bbhttps:\/\/opticasantalucia.cl\/sitio\/baja-vision\/\u00bb button_text=\u00bbBAJA VISI\u00d3N\u00bb button_alignment=\u00bbcenter\u00bb _builder_version=\u00bb3.16&#8243; custom_button=\u00bbon\u00bb button_bg_color=\u00bb#0c71c3&#8243; background_layout=\u00bbdark\u00bb custom_css_main_element=\u00bbwidth:90%;\u00bb button_bg_color_hover=\u00bb#2fa940&#8243; button_text_size__hover_enabled=\u00bboff\u00bb button_one_text_size__hover_enabled=\u00bboff\u00bb button_two_text_size__hover_enabled=\u00bboff\u00bb button_text_color__hover_enabled=\u00bboff\u00bb button_one_text_color__hover_enabled=\u00bboff\u00bb button_two_text_color__hover_enabled=\u00bboff\u00bb button_border_width__hover_enabled=\u00bboff\u00bb button_one_border_width__hover_enabled=\u00bboff\u00bb button_two_border_width__hover_enabled=\u00bboff\u00bb button_border_color__hover_enabled=\u00bboff\u00bb button_one_border_color__hover_enabled=\u00bboff\u00bb button_two_border_color__hover_enabled=\u00bboff\u00bb button_border_radius__hover_enabled=\u00bboff\u00bb button_one_border_radius__hover_enabled=\u00bboff\u00bb button_two_border_radius__hover_enabled=\u00bboff\u00bb button_letter_spacing__hover_enabled=\u00bboff\u00bb button_one_letter_spacing__hover_enabled=\u00bboff\u00bb button_two_letter_spacing__hover_enabled=\u00bboff\u00bb button_bg_color__hover_enabled=\u00bbon\u00bb button_bg_color__hover=\u00bb#2fa940&#8243; button_one_bg_color__hover_enabled=\u00bboff\u00bb button_two_bg_color__hover_enabled=\u00bboff\u00bb][\/et_pb_button][et_pb_button button_url=\u00bbhttps:\/\/opticasantalucia.cl\/sitio\/pedestal-o-clip\/\u00bb button_text=\u00bbPEDESTAL O CLIP\u00bb button_alignment=\u00bbcenter\u00bb _builder_version=\u00bb3.16&#8243; custom_button=\u00bbon\u00bb button_bg_color=\u00bb#0c71c3&#8243; background_layout=\u00bbdark\u00bb custom_css_main_element=\u00bbwidth:90%;\u00bb button_bg_color_hover=\u00bb#2fa940&#8243; button_text_size__hover_enabled=\u00bboff\u00bb button_one_text_size__hover_enabled=\u00bboff\u00bb button_two_text_size__hover_enabled=\u00bboff\u00bb button_text_color__hover_enabled=\u00bboff\u00bb button_one_text_color__hover_enabled=\u00bboff\u00bb button_two_text_color__hover_enabled=\u00bboff\u00bb button_border_width__hover_enabled=\u00bboff\u00bb button_one_border_width__hover_enabled=\u00bboff\u00bb button_two_border_width__hover_enabled=\u00bboff\u00bb button_border_color__hover_enabled=\u00bboff\u00bb button_one_border_color__hover_enabled=\u00bboff\u00bb button_two_border_color__hover_enabled=\u00bboff\u00bb button_border_radius__hover_enabled=\u00bboff\u00bb button_one_border_radius__hover_enabled=\u00bboff\u00bb button_two_border_radius__hover_enabled=\u00bboff\u00bb button_letter_spacing__hover_enabled=\u00bboff\u00bb button_one_letter_spacing__hover_enabled=\u00bboff\u00bb button_two_letter_spacing__hover_enabled=\u00bboff\u00bb button_bg_color__hover_enabled=\u00bbon\u00bb button_bg_color__hover=\u00bb#2fa940&#8243; button_one_bg_color__hover_enabled=\u00bboff\u00bb button_two_bg_color__hover_enabled=\u00bboff\u00bb][\/et_pb_button][et_pb_button button_url=\u00bbhttps:\/\/opticasantalucia.cl\/sitio\/mineria-agricultura-y-textiles\/\u00bb button_text=\u00bbMINERIA, AGRICULTURA Y TEXTILES\u00bb button_alignment=\u00bbcenter\u00bb _builder_version=\u00bb3.16&#8243; custom_button=\u00bbon\u00bb button_bg_color=\u00bb#0c71c3&#8243; background_layout=\u00bbdark\u00bb custom_css_main_element=\u00bbwidth:90%;\u00bb button_bg_color_hover=\u00bb#2fa940&#8243; button_text_size__hover_enabled=\u00bboff\u00bb button_one_text_size__hover_enabled=\u00bboff\u00bb button_two_text_size__hover_enabled=\u00bboff\u00bb button_text_color__hover_enabled=\u00bboff\u00bb button_one_text_color__hover_enabled=\u00bboff\u00bb button_two_text_color__hover_enabled=\u00bboff\u00bb button_border_width__hover_enabled=\u00bboff\u00bb button_one_border_width__hover_enabled=\u00bboff\u00bb button_two_border_width__hover_enabled=\u00bboff\u00bb button_border_color__hover_enabled=\u00bboff\u00bb button_one_border_color__hover_enabled=\u00bboff\u00bb button_two_border_color__hover_enabled=\u00bboff\u00bb button_border_radius__hover_enabled=\u00bboff\u00bb button_one_border_radius__hover_enabled=\u00bboff\u00bb button_two_border_radius__hover_enabled=\u00bboff\u00bb button_letter_spacing__hover_enabled=\u00bboff\u00bb button_one_letter_spacing__hover_enabled=\u00bboff\u00bb button_two_letter_spacing__hover_enabled=\u00bboff\u00bb button_bg_color__hover_enabled=\u00bbon\u00bb button_bg_color__hover=\u00bb#2fa940&#8243; button_one_bg_color__hover_enabled=\u00bboff\u00bb button_two_bg_color__hover_enabled=\u00bboff\u00bb][\/et_pb_button][\/et_pb_column_inner][\/et_pb_row_inner][et_pb_row_inner _builder_version=\u00bb3.25&#8243;][et_pb_column_inner saved_specialty_column_type=\u00bb3_4&#8243; _builder_version=\u00bb3.25&#8243; custom_padding=\u00bb|||\u00bb custom_padding__hover=\u00bb|||\u00bb][et_pb_image src=\u00bbhttps:\/\/opticasantalucia.cl\/sitio\/wp-content\/uploads\/2018\/07\/lupa-1.jpg\u00bb align=\u00bbcenter\u00bb align_tablet=\u00bbcenter\u00bb align_last_edited=\u00bbon|desktop\u00bb _builder_version=\u00bb3.23&#8243; always_center_on_mobile=\u00bbon\u00bb][\/et_pb_image][et_pb_text _builder_version=\u00bb3.27.4&#8243;]Ver las cosas m\u00e1s grandes permite responderse muchas preguntas. Una lupa puede ser muy \u00fatil para el trabajo, estudios y hobbies. Utilizadas por ge\u00f3logos, entom\u00f3logos, iri\u00f3logos, joyeros, coleccionistas, personas con alta presbicia.<\/p>\n<p>Las lupas se clasifican seg\u00fan las veces que aumentan (x veces). Una x corresponde a aproximadamente 4 dioptr\u00edas positivas. Un aspecto muy importante a tener en cuenta es que una lupa con mayor aumento tiene menos campo visual.<br \/>\n[\/et_pb_text][\/et_pb_column_inner][\/et_pb_row_inner][\/et_pb_column][et_pb_column type=\u00bb1_4&#8243; _builder_version=\u00bb3.25&#8243; custom_padding=\u00bb|||\u00bb custom_padding__hover=\u00bb|||\u00bb][et_pb_sidebar orientation=\u00bbright\u00bb _builder_version=\u00bb3.0.74&#8243;][\/et_pb_sidebar][\/et_pb_column][\/et_pb_section]<\/p>\n<span class=\"et_bloom_bottom_trigger\"><\/span>","protected":false},"excerpt":{"rendered":"<p>Cat\u00e1logo de Productos Ver las cosas m\u00e1s grandes permite responderse muchas preguntas. Una lupa puede ser muy \u00fatil para el trabajo, estudios y hobbies. Utilizadas por ge\u00f3logos, entom\u00f3logos, iri\u00f3logos, joyeros, coleccionistas, personas con alta presbicia. Las lupas se clasifican seg\u00fan las veces que aumentan (x veces). Una x corresponde a aproximadamente 4 dioptr\u00edas positivas. Un [&hellip;]<\/p>\n","protected":false},"author":2,"featured_media":0,"parent":0,"menu_order":0,"comment_status":"closed","ping_status":"closed","template":"","meta":{"_et_pb_use_builder":"on","_et_pb_old_content":"","_et_gb_content_width":"","footnotes":""},"class_list":["post-766","page","type-page","status-publish","hentry"],"yoast_head":"<!-- This site is optimized with the Yoast SEO plugin v27.2 - https:\/\/yoast.com\/product\/yoast-seo-wordpress\/ -->\n<title>Lupas Santiago<\/title>\n<meta name=\"description\" content=\"Ver las cosas m\u00e1s grandes responde muchas preguntas. Utilizadas por ge\u00f3logos, entom\u00f3logos, iri\u00f3logos, joyeros, coleccionistas, personas con alta presbicia.\" \/>\n<meta name=\"robots\" content=\"index, follow, max-snippet:-1, max-image-preview:large, max-video-preview:-1\" \/>\n<link rel=\"canonical\" href=\"https:\/\/opticasantalucia.cl\/sitio\/lupas\/\" \/>\n<meta property=\"og:locale\" content=\"es_ES\" \/>\n<meta property=\"og:type\" content=\"article\" \/>\n<meta property=\"og:title\" content=\"Lupas Santiago\" \/>\n<meta property=\"og:description\" content=\"Ver las cosas m\u00e1s grandes responde muchas preguntas. Utilizadas por ge\u00f3logos, entom\u00f3logos, iri\u00f3logos, joyeros, coleccionistas, personas con alta presbicia.\" \/>\n<meta property=\"og:url\" content=\"https:\/\/opticasantalucia.cl\/sitio\/lupas\/\" \/>\n<meta property=\"og:site_name\" content=\"Optica Santa Lucia\" \/>\n<meta property=\"article:publisher\" content=\"https:\/\/www.facebook.com\/opticasantaluciachile\/\" \/>\n<meta property=\"article:modified_time\" content=\"2020-02-03T20:48:11+00:00\" \/>\n<meta name=\"twitter:card\" content=\"summary_large_image\" \/>\n<meta name=\"twitter:label1\" content=\"Tiempo de lectura\" \/>\n\t<meta name=\"twitter:data1\" content=\"9 minutos\" \/>\n<script type=\"application\/ld+json\" class=\"yoast-schema-graph\">{\"@context\":\"https:\/\/schema.org\",\"@graph\":[{\"@type\":\"WebPage\",\"@id\":\"https:\/\/opticasantalucia.cl\/sitio\/lupas\/\",\"url\":\"https:\/\/opticasantalucia.cl\/sitio\/lupas\/\",\"name\":\"Lupas Santiago\",\"isPartOf\":{\"@id\":\"https:\/\/opticasantalucia.cl\/sitio\/#website\"},\"datePublished\":\"2018-07-18T15:04:01+00:00\",\"dateModified\":\"2020-02-03T20:48:11+00:00\",\"description\":\"Ver las cosas m\u00e1s grandes responde muchas preguntas. Utilizadas por ge\u00f3logos, entom\u00f3logos, iri\u00f3logos, joyeros, coleccionistas, personas con alta presbicia.\",\"breadcrumb\":{\"@id\":\"https:\/\/opticasantalucia.cl\/sitio\/lupas\/#breadcrumb\"},\"inLanguage\":\"es\",\"potentialAction\":[{\"@type\":\"ReadAction\",\"target\":[\"https:\/\/opticasantalucia.cl\/sitio\/lupas\/\"]}]},{\"@type\":\"BreadcrumbList\",\"@id\":\"https:\/\/opticasantalucia.cl\/sitio\/lupas\/#breadcrumb\",\"itemListElement\":[{\"@type\":\"ListItem\",\"position\":1,\"name\":\"Portada\",\"item\":\"https:\/\/opticasantalucia.cl\/sitio\/\"},{\"@type\":\"ListItem\",\"position\":2,\"name\":\"Lupas\"}]},{\"@type\":\"WebSite\",\"@id\":\"https:\/\/opticasantalucia.cl\/sitio\/#website\",\"url\":\"https:\/\/opticasantalucia.cl\/sitio\/\",\"name\":\"Optica Santa Lucia\",\"description\":\"Ver bien para vivir mejor\",\"publisher\":{\"@id\":\"https:\/\/opticasantalucia.cl\/sitio\/#organization\"},\"potentialAction\":[{\"@type\":\"SearchAction\",\"target\":{\"@type\":\"EntryPoint\",\"urlTemplate\":\"https:\/\/opticasantalucia.cl\/sitio\/?s={search_term_string}\"},\"query-input\":{\"@type\":\"PropertyValueSpecification\",\"valueRequired\":true,\"valueName\":\"search_term_string\"}}],\"inLanguage\":\"es\"},{\"@type\":\"Organization\",\"@id\":\"https:\/\/opticasantalucia.cl\/sitio\/#organization\",\"name\":\"\u00d3ptica Santa Luc\u00eda\",\"url\":\"https:\/\/opticasantalucia.cl\/sitio\/\",\"logo\":{\"@type\":\"ImageObject\",\"inLanguage\":\"es\",\"@id\":\"https:\/\/opticasantalucia.cl\/sitio\/#\/schema\/logo\/image\/\",\"url\":\"https:\/\/opticasantalucia.cl\/sitio\/wp-content\/uploads\/2018\/06\/opticalogo.png\",\"contentUrl\":\"https:\/\/opticasantalucia.cl\/sitio\/wp-content\/uploads\/2018\/06\/opticalogo.png\",\"width\":200,\"height\":59,\"caption\":\"\u00d3ptica Santa Luc\u00eda\"},\"image\":{\"@id\":\"https:\/\/opticasantalucia.cl\/sitio\/#\/schema\/logo\/image\/\"},\"sameAs\":[\"https:\/\/www.facebook.com\/opticasantaluciachile\/\"]}]}<\/script>\n<!-- \/ Yoast SEO plugin. -->","yoast_head_json":{"title":"Lupas Santiago","description":"Ver las cosas m\u00e1s grandes responde muchas preguntas. Utilizadas por ge\u00f3logos, entom\u00f3logos, iri\u00f3logos, joyeros, coleccionistas, personas con alta presbicia.","robots":{"index":"index","follow":"follow","max-snippet":"max-snippet:-1","max-image-preview":"max-image-preview:large","max-video-preview":"max-video-preview:-1"},"canonical":"https:\/\/opticasantalucia.cl\/sitio\/lupas\/","og_locale":"es_ES","og_type":"article","og_title":"Lupas Santiago","og_description":"Ver las cosas m\u00e1s grandes responde muchas preguntas. Utilizadas por ge\u00f3logos, entom\u00f3logos, iri\u00f3logos, joyeros, coleccionistas, personas con alta presbicia.","og_url":"https:\/\/opticasantalucia.cl\/sitio\/lupas\/","og_site_name":"Optica Santa Lucia","article_publisher":"https:\/\/www.facebook.com\/opticasantaluciachile\/","article_modified_time":"2020-02-03T20:48:11+00:00","twitter_card":"summary_large_image","twitter_misc":{"Tiempo de lectura":"9 minutos"},"schema":{"@context":"https:\/\/schema.org","@graph":[{"@type":"WebPage","@id":"https:\/\/opticasantalucia.cl\/sitio\/lupas\/","url":"https:\/\/opticasantalucia.cl\/sitio\/lupas\/","name":"Lupas Santiago","isPartOf":{"@id":"https:\/\/opticasantalucia.cl\/sitio\/#website"},"datePublished":"2018-07-18T15:04:01+00:00","dateModified":"2020-02-03T20:48:11+00:00","description":"Ver las cosas m\u00e1s grandes responde muchas preguntas. Utilizadas por ge\u00f3logos, entom\u00f3logos, iri\u00f3logos, joyeros, coleccionistas, personas con alta presbicia.","breadcrumb":{"@id":"https:\/\/opticasantalucia.cl\/sitio\/lupas\/#breadcrumb"},"inLanguage":"es","potentialAction":[{"@type":"ReadAction","target":["https:\/\/opticasantalucia.cl\/sitio\/lupas\/"]}]},{"@type":"BreadcrumbList","@id":"https:\/\/opticasantalucia.cl\/sitio\/lupas\/#breadcrumb","itemListElement":[{"@type":"ListItem","position":1,"name":"Portada","item":"https:\/\/opticasantalucia.cl\/sitio\/"},{"@type":"ListItem","position":2,"name":"Lupas"}]},{"@type":"WebSite","@id":"https:\/\/opticasantalucia.cl\/sitio\/#website","url":"https:\/\/opticasantalucia.cl\/sitio\/","name":"Optica Santa Lucia","description":"Ver bien para vivir mejor","publisher":{"@id":"https:\/\/opticasantalucia.cl\/sitio\/#organization"},"potentialAction":[{"@type":"SearchAction","target":{"@type":"EntryPoint","urlTemplate":"https:\/\/opticasantalucia.cl\/sitio\/?s={search_term_string}"},"query-input":{"@type":"PropertyValueSpecification","valueRequired":true,"valueName":"search_term_string"}}],"inLanguage":"es"},{"@type":"Organization","@id":"https:\/\/opticasantalucia.cl\/sitio\/#organization","name":"\u00d3ptica Santa Luc\u00eda","url":"https:\/\/opticasantalucia.cl\/sitio\/","logo":{"@type":"ImageObject","inLanguage":"es","@id":"https:\/\/opticasantalucia.cl\/sitio\/#\/schema\/logo\/image\/","url":"https:\/\/opticasantalucia.cl\/sitio\/wp-content\/uploads\/2018\/06\/opticalogo.png","contentUrl":"https:\/\/opticasantalucia.cl\/sitio\/wp-content\/uploads\/2018\/06\/opticalogo.png","width":200,"height":59,"caption":"\u00d3ptica Santa Luc\u00eda"},"image":{"@id":"https:\/\/opticasantalucia.cl\/sitio\/#\/schema\/logo\/image\/"},"sameAs":["https:\/\/www.facebook.com\/opticasantaluciachile\/"]}]}},"_links":{"self":[{"href":"https:\/\/opticasantalucia.cl\/sitio\/wp-json\/wp\/v2\/pages\/766","targetHints":{"allow":["GET"]}}],"collection":[{"href":"https:\/\/opticasantalucia.cl\/sitio\/wp-json\/wp\/v2\/pages"}],"about":[{"href":"https:\/\/opticasantalucia.cl\/sitio\/wp-json\/wp\/v2\/types\/page"}],"author":[{"embeddable":true,"href":"https:\/\/opticasantalucia.cl\/sitio\/wp-json\/wp\/v2\/users\/2"}],"replies":[{"embeddable":true,"href":"https:\/\/opticasantalucia.cl\/sitio\/wp-json\/wp\/v2\/comments?post=766"}],"version-history":[{"count":5,"href":"https:\/\/opticasantalucia.cl\/sitio\/wp-json\/wp\/v2\/pages\/766\/revisions"}],"predecessor-version":[{"id":1448,"href":"https:\/\/opticasantalucia.cl\/sitio\/wp-json\/wp\/v2\/pages\/766\/revisions\/1448"}],"wp:attachment":[{"href":"https:\/\/opticasantalucia.cl\/sitio\/wp-json\/wp\/v2\/media?parent=766"}],"curies":[{"name":"wp","href":"https:\/\/api.w.org\/{rel}","templated":true}]}}