{"id":674,"date":"2018-07-17T23:26:07","date_gmt":"2018-07-17T23:26:07","guid":{"rendered":"http:\/\/opticasantalucia.cl\/sitio\/?page_id=674"},"modified":"2020-02-13T18:23:54","modified_gmt":"2020-02-13T18:23:54","slug":"prismaticos-y-binoculares","status":"publish","type":"page","link":"https:\/\/opticasantalucia.cl\/sitio\/prismaticos-y-binoculares\/","title":{"rendered":"Prismaticos y Binoculares Santiago"},"content":{"rendered":"<p>[et_pb_section fb_built=\u00bb1&#8243; inner_shadow=\u00bbon\u00bb fullwidth=\u00bbon\u00bb _builder_version=\u00bb3.22&#8243; background_color=\u00bb#2ea3f2&#8243; use_background_color_gradient=\u00bbon\u00bb background_color_gradient_start=\u00bb#2ea3f2&#8243; background_color_gradient_end=\u00bb#2e6df4&#8243; background_color_gradient_direction=\u00bb330deg\u00bb][et_pb_fullwidth_header title=\u00bbPrism\u00e1ticos y binoculares santiago\u00bb subhead=\u00bbEncuentra el modelo que necesites.\u00bb _builder_version=\u00bb4.0.7&#8243; title_level=\u00bbh2&#8243; background_color=\u00bbrgba(255, 255, 255, 0)\u00bb button_one_text_size__hover_enabled=\u00bboff\u00bb button_two_text_size__hover_enabled=\u00bboff\u00bb button_one_text_color__hover_enabled=\u00bboff\u00bb button_two_text_color__hover_enabled=\u00bboff\u00bb button_one_border_width__hover_enabled=\u00bboff\u00bb button_two_border_width__hover_enabled=\u00bboff\u00bb button_one_border_color__hover_enabled=\u00bboff\u00bb button_two_border_color__hover_enabled=\u00bboff\u00bb button_one_border_radius__hover_enabled=\u00bboff\u00bb button_two_border_radius__hover_enabled=\u00bboff\u00bb button_one_letter_spacing__hover_enabled=\u00bboff\u00bb button_two_letter_spacing__hover_enabled=\u00bboff\u00bb button_one_bg_color__hover_enabled=\u00bboff\u00bb button_two_bg_color__hover_enabled=\u00bboff\u00bb][\/et_pb_fullwidth_header][\/et_pb_section][et_pb_section fb_built=\u00bb1&#8243; specialty=\u00bbon\u00bb _builder_version=\u00bb3.22&#8243;][et_pb_column type=\u00bb3_4&#8243; specialty_columns=\u00bb3&#8243; _builder_version=\u00bb3.25&#8243; custom_padding=\u00bb|||\u00bb custom_padding__hover=\u00bb|||\u00bb][et_pb_row_inner _builder_version=\u00bb3.25&#8243;][et_pb_column_inner saved_specialty_column_type=\u00bb3_4&#8243; _builder_version=\u00bb3.25&#8243; custom_padding=\u00bb|||\u00bb custom_padding__hover=\u00bb|||\u00bb][et_pb_text _builder_version=\u00bb4.0.7&#8243;]<\/p>\n<h2 style=\"text-align: center;\">Cat\u00e1logo de Productos<\/h2>\n<p>[\/et_pb_text][et_pb_button button_url=\u00bbhttps:\/\/opticasantalucia.cl\/sitio\/modelo-standar\/\u00bb button_text=\u00bbMODELO STANDAR\u00bb button_alignment=\u00bbcenter\u00bb _builder_version=\u00bb3.16&#8243; custom_button=\u00bbon\u00bb button_text_color=\u00bb#ffffff\u00bb button_bg_color=\u00bb#0c71c3&#8243; custom_css_main_element=\u00bbwidth:90%;\u00bb button_bg_color_hover=\u00bb#2fa940&#8243; button_text_size__hover_enabled=\u00bboff\u00bb button_one_text_size__hover_enabled=\u00bboff\u00bb button_two_text_size__hover_enabled=\u00bboff\u00bb button_text_color__hover_enabled=\u00bboff\u00bb button_one_text_color__hover_enabled=\u00bboff\u00bb button_two_text_color__hover_enabled=\u00bboff\u00bb button_border_width__hover_enabled=\u00bboff\u00bb button_one_border_width__hover_enabled=\u00bboff\u00bb button_two_border_width__hover_enabled=\u00bboff\u00bb button_border_color__hover_enabled=\u00bboff\u00bb button_one_border_color__hover_enabled=\u00bboff\u00bb button_two_border_color__hover_enabled=\u00bboff\u00bb button_border_radius__hover_enabled=\u00bboff\u00bb button_one_border_radius__hover_enabled=\u00bboff\u00bb button_two_border_radius__hover_enabled=\u00bboff\u00bb button_letter_spacing__hover_enabled=\u00bboff\u00bb button_one_letter_spacing__hover_enabled=\u00bboff\u00bb button_two_letter_spacing__hover_enabled=\u00bboff\u00bb button_bg_color__hover_enabled=\u00bbon\u00bb button_bg_color__hover=\u00bb#2fa940&#8243; button_one_bg_color__hover_enabled=\u00bboff\u00bb button_two_bg_color__hover_enabled=\u00bboff\u00bb][\/et_pb_button][et_pb_button button_url=\u00bbhttps:\/\/opticasantalucia.cl\/sitio\/con-zoom\/\u00bb button_text=\u00bbCON ZOOM\u00bb button_alignment=\u00bbcenter\u00bb _builder_version=\u00bb3.16&#8243; custom_button=\u00bbon\u00bb button_text_color=\u00bb#ffffff\u00bb button_bg_color=\u00bb#0c71c3&#8243; background_layout=\u00bbdark\u00bb custom_css_main_element=\u00bbwidth:90%;\u00bb button_bg_color_hover=\u00bb#2fa93f\u00bb button_text_size__hover_enabled=\u00bboff\u00bb button_one_text_size__hover_enabled=\u00bboff\u00bb button_two_text_size__hover_enabled=\u00bboff\u00bb button_text_color__hover_enabled=\u00bboff\u00bb button_one_text_color__hover_enabled=\u00bboff\u00bb button_two_text_color__hover_enabled=\u00bboff\u00bb button_border_width__hover_enabled=\u00bboff\u00bb button_one_border_width__hover_enabled=\u00bboff\u00bb button_two_border_width__hover_enabled=\u00bboff\u00bb button_border_color__hover_enabled=\u00bboff\u00bb button_one_border_color__hover_enabled=\u00bboff\u00bb button_two_border_color__hover_enabled=\u00bboff\u00bb button_border_radius__hover_enabled=\u00bboff\u00bb button_one_border_radius__hover_enabled=\u00bboff\u00bb button_two_border_radius__hover_enabled=\u00bboff\u00bb button_letter_spacing__hover_enabled=\u00bboff\u00bb button_one_letter_spacing__hover_enabled=\u00bboff\u00bb button_two_letter_spacing__hover_enabled=\u00bboff\u00bb button_bg_color__hover_enabled=\u00bbon\u00bb button_bg_color__hover=\u00bb#2fa93f\u00bb button_one_bg_color__hover_enabled=\u00bboff\u00bb button_two_bg_color__hover_enabled=\u00bboff\u00bb][\/et_pb_button][et_pb_button button_url=\u00bbhttps:\/\/opticasantalucia.cl\/sitio\/gigantes\/\u00bb button_text=\u00bbGIGANTES\u00bb button_alignment=\u00bbcenter\u00bb _builder_version=\u00bb3.16&#8243; custom_button=\u00bbon\u00bb button_bg_color=\u00bb#0c71c3&#8243; background_layout=\u00bbdark\u00bb custom_css_main_element=\u00bbwidth:90%;\u00bb button_bg_color_hover=\u00bb#2fa940&#8243; button_text_size__hover_enabled=\u00bboff\u00bb button_one_text_size__hover_enabled=\u00bboff\u00bb button_two_text_size__hover_enabled=\u00bboff\u00bb button_text_color__hover_enabled=\u00bboff\u00bb button_one_text_color__hover_enabled=\u00bboff\u00bb button_two_text_color__hover_enabled=\u00bboff\u00bb button_border_width__hover_enabled=\u00bboff\u00bb button_one_border_width__hover_enabled=\u00bboff\u00bb button_two_border_width__hover_enabled=\u00bboff\u00bb button_border_color__hover_enabled=\u00bboff\u00bb button_one_border_color__hover_enabled=\u00bboff\u00bb button_two_border_color__hover_enabled=\u00bboff\u00bb button_border_radius__hover_enabled=\u00bboff\u00bb button_one_border_radius__hover_enabled=\u00bboff\u00bb button_two_border_radius__hover_enabled=\u00bboff\u00bb button_letter_spacing__hover_enabled=\u00bboff\u00bb button_one_letter_spacing__hover_enabled=\u00bboff\u00bb button_two_letter_spacing__hover_enabled=\u00bboff\u00bb button_bg_color__hover_enabled=\u00bbon\u00bb button_bg_color__hover=\u00bb#2fa940&#8243; button_one_bg_color__hover_enabled=\u00bboff\u00bb button_two_bg_color__hover_enabled=\u00bboff\u00bb][\/et_pb_button][et_pb_button button_url=\u00bbhttps:\/\/opticasantalucia.cl\/sitio\/plegables\/\u00bb button_text=\u00bbCOMPACTOS\u00bb button_alignment=\u00bbcenter\u00bb _builder_version=\u00bb3.16&#8243; custom_button=\u00bbon\u00bb button_bg_color=\u00bb#0c71c3&#8243; background_layout=\u00bbdark\u00bb custom_css_main_element=\u00bbwidth:90%;\u00bb button_bg_color_hover=\u00bb#2fa940&#8243; button_text_size__hover_enabled=\u00bboff\u00bb button_one_text_size__hover_enabled=\u00bboff\u00bb button_two_text_size__hover_enabled=\u00bboff\u00bb button_text_color__hover_enabled=\u00bboff\u00bb button_one_text_color__hover_enabled=\u00bboff\u00bb button_two_text_color__hover_enabled=\u00bboff\u00bb button_border_width__hover_enabled=\u00bboff\u00bb button_one_border_width__hover_enabled=\u00bboff\u00bb button_two_border_width__hover_enabled=\u00bboff\u00bb button_border_color__hover_enabled=\u00bboff\u00bb button_one_border_color__hover_enabled=\u00bboff\u00bb button_two_border_color__hover_enabled=\u00bboff\u00bb button_border_radius__hover_enabled=\u00bboff\u00bb button_one_border_radius__hover_enabled=\u00bboff\u00bb button_two_border_radius__hover_enabled=\u00bboff\u00bb button_letter_spacing__hover_enabled=\u00bboff\u00bb button_one_letter_spacing__hover_enabled=\u00bboff\u00bb button_two_letter_spacing__hover_enabled=\u00bboff\u00bb button_bg_color__hover_enabled=\u00bbon\u00bb button_bg_color__hover=\u00bb#2fa940&#8243; button_one_bg_color__hover_enabled=\u00bboff\u00bb button_two_bg_color__hover_enabled=\u00bboff\u00bb][\/et_pb_button][et_pb_button button_url=\u00bbhttps:\/\/opticasantalucia.cl\/sitio\/teatro-y-con-brazos\/\u00bb button_text=\u00bbTEATRO CON BRAZOS\u00bb button_alignment=\u00bbcenter\u00bb _builder_version=\u00bb3.16&#8243; custom_button=\u00bbon\u00bb button_bg_color=\u00bb#0c71c3&#8243; background_layout=\u00bbdark\u00bb custom_css_main_element=\u00bbwidth:90%;\u00bb button_bg_color_hover=\u00bb#2fa940&#8243; button_text_size__hover_enabled=\u00bboff\u00bb button_one_text_size__hover_enabled=\u00bboff\u00bb button_two_text_size__hover_enabled=\u00bboff\u00bb button_text_color__hover_enabled=\u00bboff\u00bb button_one_text_color__hover_enabled=\u00bboff\u00bb button_two_text_color__hover_enabled=\u00bboff\u00bb button_border_width__hover_enabled=\u00bboff\u00bb button_one_border_width__hover_enabled=\u00bboff\u00bb button_two_border_width__hover_enabled=\u00bboff\u00bb button_border_color__hover_enabled=\u00bboff\u00bb button_one_border_color__hover_enabled=\u00bboff\u00bb button_two_border_color__hover_enabled=\u00bboff\u00bb button_border_radius__hover_enabled=\u00bboff\u00bb button_one_border_radius__hover_enabled=\u00bboff\u00bb button_two_border_radius__hover_enabled=\u00bboff\u00bb button_letter_spacing__hover_enabled=\u00bboff\u00bb button_one_letter_spacing__hover_enabled=\u00bboff\u00bb button_two_letter_spacing__hover_enabled=\u00bboff\u00bb button_bg_color__hover_enabled=\u00bbon\u00bb button_bg_color__hover=\u00bb#2fa940&#8243; button_one_bg_color__hover_enabled=\u00bboff\u00bb button_two_bg_color__hover_enabled=\u00bboff\u00bb][\/et_pb_button][et_pb_button button_url=\u00bbhttps:\/\/opticasantalucia.cl\/sitio\/elite\/\u00bb button_text=\u00bbELITE\u00bb button_alignment=\u00bbcenter\u00bb _builder_version=\u00bb3.16&#8243; custom_button=\u00bbon\u00bb button_bg_color=\u00bb#0c71c3&#8243; background_layout=\u00bbdark\u00bb custom_css_main_element=\u00bbwidth:90%;\u00bb button_bg_color_hover=\u00bb#2fa940&#8243; button_text_size__hover_enabled=\u00bboff\u00bb button_one_text_size__hover_enabled=\u00bboff\u00bb button_two_text_size__hover_enabled=\u00bboff\u00bb button_text_color__hover_enabled=\u00bboff\u00bb button_one_text_color__hover_enabled=\u00bboff\u00bb button_two_text_color__hover_enabled=\u00bboff\u00bb button_border_width__hover_enabled=\u00bboff\u00bb button_one_border_width__hover_enabled=\u00bboff\u00bb button_two_border_width__hover_enabled=\u00bboff\u00bb button_border_color__hover_enabled=\u00bboff\u00bb button_one_border_color__hover_enabled=\u00bboff\u00bb button_two_border_color__hover_enabled=\u00bboff\u00bb button_border_radius__hover_enabled=\u00bboff\u00bb button_one_border_radius__hover_enabled=\u00bboff\u00bb button_two_border_radius__hover_enabled=\u00bboff\u00bb button_letter_spacing__hover_enabled=\u00bboff\u00bb button_one_letter_spacing__hover_enabled=\u00bboff\u00bb button_two_letter_spacing__hover_enabled=\u00bboff\u00bb button_bg_color__hover_enabled=\u00bbon\u00bb button_bg_color__hover=\u00bb#2fa940&#8243; button_one_bg_color__hover_enabled=\u00bboff\u00bb button_two_bg_color__hover_enabled=\u00bboff\u00bb][\/et_pb_button][\/et_pb_column_inner][\/et_pb_row_inner][et_pb_row_inner _builder_version=\u00bb3.25&#8243;][et_pb_column_inner saved_specialty_column_type=\u00bb3_4&#8243; _builder_version=\u00bb3.25&#8243; custom_padding=\u00bb|||\u00bb custom_padding__hover=\u00bb|||\u00bb][et_pb_image src=\u00bbhttps:\/\/opticasantalucia.cl\/sitio\/wp-content\/uploads\/2018\/07\/prismatico-2.jpg\u00bb alt=\u00bbbinoculares santiago\u00bb title_text=\u00bbbinoculares santiago\u00bb align=\u00bbcenter\u00bb align_tablet=\u00bbcenter\u00bb align_phone=\u00bb\u00bb align_last_edited=\u00bbon|desktop\u00bb _builder_version=\u00bb4.0.7&#8243; always_center_on_mobile=\u00bbon\u00bb][\/et_pb_image][et_pb_text _builder_version=\u00bb4.0.7&#8243;]<\/p>\n<p>En Optica Santa Luc\u00eda podr\u00e1 encontrar el <strong>Prismaticos y Binoculares Santiago<\/strong>. Podemos ofrecerle el modelo indicado para el teatro o estadio, caza, observaci\u00f3n de p\u00e1jaros, paisajismo, condiciones extremas, navegaci\u00f3n n\u00e1utica, escasa luz, etc.<\/p>\n<p>Trabajamos desde hace 30 a\u00f1os con una f\u00e1brica japonesa que nos ha garantizado una alt\u00edsima calidad en los instrumentos \u00f3pticos. Recientemente, para ampliar nuestra gama de prism\u00e1ticos, incorporamos la calidad alemana, tambi\u00e9n a la vanguardia tecnol\u00f3gica.<\/p>\n<h2>Funcionamiento de los Binoculares<\/h2>\n<p>Este instrumento sirve para ver a lo lejos objetos que no se pueden ver bien a simple vista. La ampliaci\u00f3n se logra cuando la\u00a0luz\u00a0atraviesa cada serie de\u00a0lentes. Los prismas corrigen la imagen coloc\u00e1ndola en la posici\u00f3n correcta, por medio del principio de\u00a0reflexi\u00f3n interna total, a diferencia de los\u00a0telescopios, que la muestran invertida. Tradicionalmente, la mayor\u00eda de los modelos usan un par de\u00a0prismas porro. El\u00a0ocular\u00a0de cada c\u00e1mara no est\u00e1 alineado con el\u00a0objetivo, y el prisma refleja la luz en forma de\u00a0S\u00a0hacia el ocular.<br \/>Muchos modelos permiten ajustar la distancia entre los oculares para adaptarse a la cara del usuario. Tambi\u00e9n poseen una\u00a0rueda de enfoque\u00a0que se gira para enfocar la imagen. Generalmente, el ocular derecho tiene un\u00a0anillo de correcci\u00f3n di\u00f3ptrica, que se gira para conseguir la\u00a0dioptr\u00eda\u00a0diferente en el ocular izquierdo y mejorar a\u00fan m\u00e1s el enfoque de la imagen observada con ambos ojos.<\/p>\n<p>Los binoculares utilizan una combinaci\u00f3n de lentes y prismas para agrandar las im\u00e1genes. Las lentes encaminan la luz y permiten enfocar la imagen ampliada hacia los ojos del observador.<\/p>\n<p>Puede interesarte tambi\u00e9n nuestros telescopios en el siguiente enlace : <a href=\"https:\/\/opticasantalucia.cl\/sitio\/venta-de-telescopios\/\">Clic Aqu\u00ed<\/a><\/p>\n<p>Te dejamos un dato de cuatro lugares donde avistar aves cerca de Santiago para que puedas estrenar tus nuevos Binoculares: IR AL SITIO<\/p>\n<p>Encuentra los mejores Prismaticos y Binoculares en Santiago en Optica Santa Lucia<\/p>\n<p>[\/et_pb_text][\/et_pb_column_inner][\/et_pb_row_inner][\/et_pb_column][et_pb_column type=\u00bb1_4&#8243; _builder_version=\u00bb3.25&#8243; custom_padding=\u00bb|||\u00bb custom_padding__hover=\u00bb|||\u00bb][et_pb_sidebar orientation=\u00bbright\u00bb _builder_version=\u00bb3.0.74&#8243;][\/et_pb_sidebar][\/et_pb_column][\/et_pb_section]<\/p>\n<span class=\"et_bloom_bottom_trigger\"><\/span>","protected":false},"excerpt":{"rendered":"<p>Cat\u00e1logo de Productos En Optica Santa Luc\u00eda podr\u00e1 encontrar el Prismaticos y Binoculares Santiago. Podemos ofrecerle el modelo indicado para el teatro o estadio, caza, observaci\u00f3n de p\u00e1jaros, paisajismo, condiciones extremas, navegaci\u00f3n n\u00e1utica, escasa luz, etc. Trabajamos desde hace 30 a\u00f1os con una f\u00e1brica japonesa que nos ha garantizado una alt\u00edsima calidad en los instrumentos [&hellip;]<\/p>\n","protected":false},"author":2,"featured_media":0,"parent":0,"menu_order":0,"comment_status":"closed","ping_status":"closed","template":"","meta":{"_et_pb_use_builder":"on","_et_pb_old_content":"","_et_gb_content_width":"","footnotes":""},"class_list":["post-674","page","type-page","status-publish","hentry"],"yoast_head":"<!-- This site is optimized with the Yoast SEO plugin v27.2 - https:\/\/yoast.com\/product\/yoast-seo-wordpress\/ -->\n<title>Prismaticos y Binoculares Santiago - Optica Santa Lucia<\/title>\n<meta name=\"description\" content=\"Prismaticos y Binoculares Santiago para el teatro o estadio, caza, observaci\u00f3n de p\u00e1jaros, paisajismo, condiciones extremas, navegaci\u00f3n n\u00e1utica, escasa luz\" \/>\n<meta name=\"robots\" content=\"index, follow, max-snippet:-1, max-image-preview:large, max-video-preview:-1\" \/>\n<link rel=\"canonical\" href=\"https:\/\/opticasantalucia.cl\/sitio\/prismaticos-y-binoculares\/\" \/>\n<meta property=\"og:locale\" content=\"es_ES\" \/>\n<meta property=\"og:type\" content=\"article\" \/>\n<meta property=\"og:title\" content=\"Prismaticos y Binoculares Santiago - Optica Santa Lucia\" \/>\n<meta property=\"og:description\" content=\"Prismaticos y Binoculares Santiago para el teatro o estadio, caza, observaci\u00f3n de p\u00e1jaros, paisajismo, condiciones extremas, navegaci\u00f3n n\u00e1utica, escasa luz\" \/>\n<meta property=\"og:url\" content=\"https:\/\/opticasantalucia.cl\/sitio\/prismaticos-y-binoculares\/\" \/>\n<meta property=\"og:site_name\" content=\"Optica Santa Lucia\" \/>\n<meta property=\"article:publisher\" content=\"https:\/\/www.facebook.com\/opticasantaluciachile\/\" \/>\n<meta property=\"article:modified_time\" content=\"2020-02-13T18:23:54+00:00\" \/>\n<meta name=\"twitter:card\" content=\"summary_large_image\" \/>\n<meta name=\"twitter:label1\" content=\"Tiempo de lectura\" \/>\n\t<meta name=\"twitter:data1\" content=\"9 minutos\" \/>\n<script type=\"application\/ld+json\" class=\"yoast-schema-graph\">{\"@context\":\"https:\/\/schema.org\",\"@graph\":[{\"@type\":\"WebPage\",\"@id\":\"https:\/\/opticasantalucia.cl\/sitio\/prismaticos-y-binoculares\/\",\"url\":\"https:\/\/opticasantalucia.cl\/sitio\/prismaticos-y-binoculares\/\",\"name\":\"Prismaticos y Binoculares Santiago - Optica Santa Lucia\",\"isPartOf\":{\"@id\":\"https:\/\/opticasantalucia.cl\/sitio\/#website\"},\"datePublished\":\"2018-07-17T23:26:07+00:00\",\"dateModified\":\"2020-02-13T18:23:54+00:00\",\"description\":\"Prismaticos y Binoculares Santiago para el teatro o estadio, caza, observaci\u00f3n de p\u00e1jaros, paisajismo, condiciones extremas, navegaci\u00f3n n\u00e1utica, escasa luz\",\"breadcrumb\":{\"@id\":\"https:\/\/opticasantalucia.cl\/sitio\/prismaticos-y-binoculares\/#breadcrumb\"},\"inLanguage\":\"es\",\"potentialAction\":[{\"@type\":\"ReadAction\",\"target\":[\"https:\/\/opticasantalucia.cl\/sitio\/prismaticos-y-binoculares\/\"]}]},{\"@type\":\"BreadcrumbList\",\"@id\":\"https:\/\/opticasantalucia.cl\/sitio\/prismaticos-y-binoculares\/#breadcrumb\",\"itemListElement\":[{\"@type\":\"ListItem\",\"position\":1,\"name\":\"Portada\",\"item\":\"https:\/\/opticasantalucia.cl\/sitio\/\"},{\"@type\":\"ListItem\",\"position\":2,\"name\":\"Prismaticos y Binoculares Santiago\"}]},{\"@type\":\"WebSite\",\"@id\":\"https:\/\/opticasantalucia.cl\/sitio\/#website\",\"url\":\"https:\/\/opticasantalucia.cl\/sitio\/\",\"name\":\"Optica Santa Lucia\",\"description\":\"Ver bien para vivir mejor\",\"publisher\":{\"@id\":\"https:\/\/opticasantalucia.cl\/sitio\/#organization\"},\"potentialAction\":[{\"@type\":\"SearchAction\",\"target\":{\"@type\":\"EntryPoint\",\"urlTemplate\":\"https:\/\/opticasantalucia.cl\/sitio\/?s={search_term_string}\"},\"query-input\":{\"@type\":\"PropertyValueSpecification\",\"valueRequired\":true,\"valueName\":\"search_term_string\"}}],\"inLanguage\":\"es\"},{\"@type\":\"Organization\",\"@id\":\"https:\/\/opticasantalucia.cl\/sitio\/#organization\",\"name\":\"\u00d3ptica Santa Luc\u00eda\",\"url\":\"https:\/\/opticasantalucia.cl\/sitio\/\",\"logo\":{\"@type\":\"ImageObject\",\"inLanguage\":\"es\",\"@id\":\"https:\/\/opticasantalucia.cl\/sitio\/#\/schema\/logo\/image\/\",\"url\":\"https:\/\/opticasantalucia.cl\/sitio\/wp-content\/uploads\/2018\/06\/opticalogo.png\",\"contentUrl\":\"https:\/\/opticasantalucia.cl\/sitio\/wp-content\/uploads\/2018\/06\/opticalogo.png\",\"width\":200,\"height\":59,\"caption\":\"\u00d3ptica Santa Luc\u00eda\"},\"image\":{\"@id\":\"https:\/\/opticasantalucia.cl\/sitio\/#\/schema\/logo\/image\/\"},\"sameAs\":[\"https:\/\/www.facebook.com\/opticasantaluciachile\/\"]}]}<\/script>\n<!-- \/ Yoast SEO plugin. -->","yoast_head_json":{"title":"Prismaticos y Binoculares Santiago - Optica Santa Lucia","description":"Prismaticos y Binoculares Santiago para el teatro o estadio, caza, observaci\u00f3n de p\u00e1jaros, paisajismo, condiciones extremas, navegaci\u00f3n n\u00e1utica, escasa luz","robots":{"index":"index","follow":"follow","max-snippet":"max-snippet:-1","max-image-preview":"max-image-preview:large","max-video-preview":"max-video-preview:-1"},"canonical":"https:\/\/opticasantalucia.cl\/sitio\/prismaticos-y-binoculares\/","og_locale":"es_ES","og_type":"article","og_title":"Prismaticos y Binoculares Santiago - Optica Santa Lucia","og_description":"Prismaticos y Binoculares Santiago para el teatro o estadio, caza, observaci\u00f3n de p\u00e1jaros, paisajismo, condiciones extremas, navegaci\u00f3n n\u00e1utica, escasa luz","og_url":"https:\/\/opticasantalucia.cl\/sitio\/prismaticos-y-binoculares\/","og_site_name":"Optica Santa Lucia","article_publisher":"https:\/\/www.facebook.com\/opticasantaluciachile\/","article_modified_time":"2020-02-13T18:23:54+00:00","twitter_card":"summary_large_image","twitter_misc":{"Tiempo de lectura":"9 minutos"},"schema":{"@context":"https:\/\/schema.org","@graph":[{"@type":"WebPage","@id":"https:\/\/opticasantalucia.cl\/sitio\/prismaticos-y-binoculares\/","url":"https:\/\/opticasantalucia.cl\/sitio\/prismaticos-y-binoculares\/","name":"Prismaticos y Binoculares Santiago - Optica Santa Lucia","isPartOf":{"@id":"https:\/\/opticasantalucia.cl\/sitio\/#website"},"datePublished":"2018-07-17T23:26:07+00:00","dateModified":"2020-02-13T18:23:54+00:00","description":"Prismaticos y Binoculares Santiago para el teatro o estadio, caza, observaci\u00f3n de p\u00e1jaros, paisajismo, condiciones extremas, navegaci\u00f3n n\u00e1utica, escasa luz","breadcrumb":{"@id":"https:\/\/opticasantalucia.cl\/sitio\/prismaticos-y-binoculares\/#breadcrumb"},"inLanguage":"es","potentialAction":[{"@type":"ReadAction","target":["https:\/\/opticasantalucia.cl\/sitio\/prismaticos-y-binoculares\/"]}]},{"@type":"BreadcrumbList","@id":"https:\/\/opticasantalucia.cl\/sitio\/prismaticos-y-binoculares\/#breadcrumb","itemListElement":[{"@type":"ListItem","position":1,"name":"Portada","item":"https:\/\/opticasantalucia.cl\/sitio\/"},{"@type":"ListItem","position":2,"name":"Prismaticos y Binoculares Santiago"}]},{"@type":"WebSite","@id":"https:\/\/opticasantalucia.cl\/sitio\/#website","url":"https:\/\/opticasantalucia.cl\/sitio\/","name":"Optica Santa Lucia","description":"Ver bien para vivir mejor","publisher":{"@id":"https:\/\/opticasantalucia.cl\/sitio\/#organization"},"potentialAction":[{"@type":"SearchAction","target":{"@type":"EntryPoint","urlTemplate":"https:\/\/opticasantalucia.cl\/sitio\/?s={search_term_string}"},"query-input":{"@type":"PropertyValueSpecification","valueRequired":true,"valueName":"search_term_string"}}],"inLanguage":"es"},{"@type":"Organization","@id":"https:\/\/opticasantalucia.cl\/sitio\/#organization","name":"\u00d3ptica Santa Luc\u00eda","url":"https:\/\/opticasantalucia.cl\/sitio\/","logo":{"@type":"ImageObject","inLanguage":"es","@id":"https:\/\/opticasantalucia.cl\/sitio\/#\/schema\/logo\/image\/","url":"https:\/\/opticasantalucia.cl\/sitio\/wp-content\/uploads\/2018\/06\/opticalogo.png","contentUrl":"https:\/\/opticasantalucia.cl\/sitio\/wp-content\/uploads\/2018\/06\/opticalogo.png","width":200,"height":59,"caption":"\u00d3ptica Santa Luc\u00eda"},"image":{"@id":"https:\/\/opticasantalucia.cl\/sitio\/#\/schema\/logo\/image\/"},"sameAs":["https:\/\/www.facebook.com\/opticasantaluciachile\/"]}]}},"_links":{"self":[{"href":"https:\/\/opticasantalucia.cl\/sitio\/wp-json\/wp\/v2\/pages\/674","targetHints":{"allow":["GET"]}}],"collection":[{"href":"https:\/\/opticasantalucia.cl\/sitio\/wp-json\/wp\/v2\/pages"}],"about":[{"href":"https:\/\/opticasantalucia.cl\/sitio\/wp-json\/wp\/v2\/types\/page"}],"author":[{"embeddable":true,"href":"https:\/\/opticasantalucia.cl\/sitio\/wp-json\/wp\/v2\/users\/2"}],"replies":[{"embeddable":true,"href":"https:\/\/opticasantalucia.cl\/sitio\/wp-json\/wp\/v2\/comments?post=674"}],"version-history":[{"count":5,"href":"https:\/\/opticasantalucia.cl\/sitio\/wp-json\/wp\/v2\/pages\/674\/revisions"}],"predecessor-version":[{"id":1477,"href":"https:\/\/opticasantalucia.cl\/sitio\/wp-json\/wp\/v2\/pages\/674\/revisions\/1477"}],"wp:attachment":[{"href":"https:\/\/opticasantalucia.cl\/sitio\/wp-json\/wp\/v2\/media?parent=674"}],"curies":[{"name":"wp","href":"https:\/\/api.w.org\/{rel}","templated":true}]}}